{"id":3299,"date":"2020-02-13T17:35:16","date_gmt":"2020-02-13T17:35:16","guid":{"rendered":"https:\/\/eventosabem.org.br\/comem\/2020\/?page_id=3299"},"modified":"2024-06-29T14:52:21","modified_gmt":"2024-06-29T14:52:21","slug":"programacao","status":"publish","type":"page","link":"https:\/\/cpem.org.br\/2024\/programacao\/","title":{"rendered":"Programa\u00e7\u00e3o do Evento"},"content":{"rendered":"<p style=\"text-align: center;\"><span style=\"color: #000000;\">Clique nos bot\u00f5es abaixo para acessar a programa\u00e7\u00e3o de cada dia do evento.<br \/><br \/><\/span><\/p>\n<p><iframe id=\"iframe-eventos\" src=\"https:\/\/admin.abem-nacional.com.br\/evento\/cpem2024\/site\/sub-eventos\" width=\"100%\" frameborder=\"0\" scrolling=\"no\"> <\/iframe><\/p>\n<p>\u00a0<\/p>\n<p><strong>Institui\u00e7\u00f5es participantes:<\/strong><\/p>\n<p>1. Associa\u00e7\u00e3o Brasileira de Educa\u00e7\u00e3o M\u00e9dica (ABEM)<br \/>2. Centro Universit\u00e1rio Est\u00e1cio de Ribeir\u00e3o Preto (IDOMED Ribeir\u00e3o Preto)<br \/>3. Centro das Faculdades Associadas de Ensino de S\u00e3o Jo\u00e3o da Boa Vista (UNIFAE)<br \/>4. Centro Universit\u00e1rio Lus\u00edada (UNILUS)<br \/>5. Centro Universit\u00e1rio Municipal de Franca (UNIFACEF)<br \/>6. Centro Universit\u00e1rio de Santa F\u00e9 do Sul (UNIFUNEC)<br \/>7. Centro Universit\u00e1rio de Votuporanga (UNIFEV)<br \/>8. Escola Municipal de Sa\u00fade de S\u00e3o Paulo (EMS-SP)<br \/>9. Faculdade S\u00e3o Leopoldo Mandic (SLMANDIC)<br \/>10. Faculdade de Medicina de Mar\u00edlia (FAMEMA)<br \/>11. Faculdade de Medicina de S\u00e3o Jos\u00e9 do Rio Preto (FAMERP)<br \/>12. Faculdade de Ci\u00eancias M\u00e9dicas da Santa Casa de S\u00e3o Paulo (FCMSCP)<br \/>13. Faculdade de Medicina de Jundia\u00ed (FMJ)<br \/>14. F\u00f3rum Nacional dos Servi\u00e7os de Apoio aos Estudantes de Medicina (FORSA)<br \/>15. Inspirali Educa\u00e7\u00e3o (INSPIRALI)<br \/>16. Universidade Cidade de S\u00e3o Paulo (UNICID)<br \/>17. Universidade de Araraquara (UNIARA)<br \/>18. Universidade de Franca (UNIFRAN)<br \/>19. Universidade de Mogi das Cruzes (UMC)<br \/>20. Universidade de Santo Amaro (UNISA)<br \/>21. Universidade do Oeste Paulista (UNOESTE)<br \/>22. Universidade Estadual Paulista (UNESP)<br \/>23. Universidade Estadual de Campinas (UNICAMP)<br \/>24. Universidade de Araraquara (UNIARA)<br \/>25. Universidade de Mogi das Cruzes (UMC)<br \/>26. Universidade de Santo Amaro (UNISA)<br \/>27. Universidade de S\u00e3o Paulo (USP)<br \/>28. Universidade Federal de S\u00e3o Carlos (UFSCAR)<br \/>29. Universidade Federal de S\u00e3o Paulo (UNIFESP)<br \/>30. Universidade Municipal de S\u00e3o Caetano do Sul (USCS)<\/p>\n\n\n<p><\/p>\n","protected":false},"excerpt":{"rendered":"Clique nos bot\u00f5es abaixo para acessar a programa\u00e7\u00e3o de cada dia do evento. \u00a0 Institui\u00e7\u00f5es participantes: 1. Associa\u00e7\u00e3o Brasileira de Educa\u00e7\u00e3o M\u00e9dica (ABEM)2. Centro Universit\u00e1rio Est\u00e1cio de Ribeir\u00e3o Preto (IDOMED Ribeir\u00e3o Preto)3. Centro das Faculdades Associadas de Ensino de S\u00e3o Jo\u00e3o da Boa Vista (UNIFAE)4. Centro Universit\u00e1rio Lus\u00edada (UNILUS)5. Centro Universit\u00e1rio Municipal de Franca (UNIFACEF)6&#8230;. <a class=\"view-article\" href=\"https:\/\/cpem.org.br\/2024\/programacao\/\">Ver artigo<\/a>","protected":false},"author":2,"featured_media":3530,"parent":0,"menu_order":5,"comment_status":"closed","ping_status":"closed","template":"template_institutional.php","meta":{"_acf_changed":false,"footnotes":""},"acf":[],"_links":{"self":[{"href":"https:\/\/cpem.org.br\/2024\/wp-json\/wp\/v2\/pages\/3299"}],"collection":[{"href":"https:\/\/cpem.org.br\/2024\/wp-json\/wp\/v2\/pages"}],"about":[{"href":"https:\/\/cpem.org.br\/2024\/wp-json\/wp\/v2\/types\/page"}],"author":[{"embeddable":true,"href":"https:\/\/cpem.org.br\/2024\/wp-json\/wp\/v2\/users\/2"}],"replies":[{"embeddable":true,"href":"https:\/\/cpem.org.br\/2024\/wp-json\/wp\/v2\/comments?post=3299"}],"version-history":[{"count":10,"href":"https:\/\/cpem.org.br\/2024\/wp-json\/wp\/v2\/pages\/3299\/revisions"}],"predecessor-version":[{"id":3717,"href":"https:\/\/cpem.org.br\/2024\/wp-json\/wp\/v2\/pages\/3299\/revisions\/3717"}],"wp:featuredmedia":[{"embeddable":true,"href":"https:\/\/cpem.org.br\/2024\/wp-json\/wp\/v2\/media\/3530"}],"wp:attachment":[{"href":"https:\/\/cpem.org.br\/2024\/wp-json\/wp\/v2\/media?parent=3299"}],"curies":[{"name":"wp","href":"https:\/\/api.w.org\/{rel}","templated":true}]}}