{"id":135,"date":"2016-03-31T14:21:06","date_gmt":"2016-03-31T14:21:06","guid":{"rendered":"http:\/\/localhost:8080\/?page_id=2"},"modified":"2026-03-24T18:16:37","modified_gmt":"2026-03-24T18:16:37","slug":"home","status":"publish","type":"page","link":"https:\/\/cpem.org.br\/2026\/","title":{"rendered":"Home"},"content":{"rendered":"\t\t<div data-elementor-type=\"wp-page\" data-elementor-id=\"135\" class=\"elementor elementor-135\" data-elementor-post-type=\"page\">\n\t\t\t\t<div class=\"elementor-element elementor-element-7b72d33 e-con-full e-flex e-con e-parent\" data-id=\"7b72d33\" data-element_type=\"container\">\n\t\t\t\t<div class=\"elementor-element elementor-element-fd143f5 elementor--h-position-center elementor--v-position-middle elementor-widget elementor-widget-slides\" data-id=\"fd143f5\" data-element_type=\"widget\" data-settings=\"{&quot;navigation&quot;:&quot;none&quot;,&quot;transition&quot;:&quot;slide&quot;,&quot;transition_speed&quot;:500}\" data-widget_type=\"slides.default\">\n\t\t\t\t\t\t\t\t\t\t<div class=\"elementor-slides-wrapper elementor-main-swiper swiper\" role=\"region\" aria-roledescription=\"carousel\" aria-label=\"Slides\" dir=\"ltr\" data-animation=\"fadeInDown\">\n\t\t\t\t<div class=\"swiper-wrapper elementor-slides\">\n\t\t\t\t\t\t\t\t\t\t<div class=\"elementor-repeater-item-422f0cc swiper-slide\" role=\"group\" aria-roledescription=\"slide\"><div class=\"swiper-slide-bg elementor-ken-burns elementor-ken-burns--in\" role=\"img\" aria-label=\"CULTURA NOITE THEATRO PEDRO II - Foto Guilherme Sircili (3)\"><\/div><div class=\"elementor-background-overlay\"><\/div><div class=\"swiper-slide-inner\" ><div class=\"swiper-slide-contents\"><div class=\"elementor-slide-heading\">14\u00ba CPEM<br>Congresso Paulista de Educa\u00e7\u00e3o M\u00e9dica<\/div><div class=\"elementor-slide-description\">Centro Universit\u00e1rio Est\u00e1cio - IDOMED<br>\n18 a 20 de abril de 2026 | Ribeir\u00e3o Preto-SP\n\n<br><br>\n<b>Tema Central:<\/b><br\/>\n<i>\u201cAs DCN e o Futuro da Forma\u00e7\u00e3o M\u00e9dica: entre Normas e Narrativas\u201d.<\/i><\/div><a href=\"https:\/\/cpem.org.br\/2026\/inscricoes\/\" class=\"elementor-button elementor-slide-button elementor-size-xs\">INSCREVA-SE<\/a><\/div><\/div><\/div>\t\t\t\t<\/div>\n\t\t\t\t\t\t\t<\/div>\n\t\t\t\t\t\t\t\t<\/div>\n\t\t\t\t<div class=\"elementor-element elementor-element-6f88cab elementor-widget elementor-widget-text-editor\" data-id=\"6f88cab\" data-element_type=\"widget\" data-widget_type=\"text-editor.default\">\n\t\t\t\t\t\t\t\t\t<p>Foto: Guilherme Sircili<\/p>\t\t\t\t\t\t\t\t<\/div>\n\t\t\t\t<\/div>\n\t\t<div class=\"elementor-element elementor-element-168e7467 e-flex e-con-boxed e-con e-parent\" data-id=\"168e7467\" data-element_type=\"container\">\n\t\t\t\t\t<div class=\"e-con-inner\">\n\t\t\t\t<div class=\"elementor-element elementor-element-33efe02 elementor-widget elementor-widget-heading\" data-id=\"33efe02\" data-element_type=\"widget\" data-widget_type=\"heading.default\">\n\t\t\t\t\t<h2 class=\"elementor-heading-title elementor-size-default\">Seja bem-vindo!<\/h2>\t\t\t\t<\/div>\n\t\t\t\t<div class=\"elementor-element elementor-element-678aedac elementor-widget elementor-widget-text-editor\" data-id=\"678aedac\" data-element_type=\"widget\" data-widget_type=\"text-editor.default\">\n\t\t\t\t\t\t\t\t\t<p>O 14\u00ba CPEM \u2013 Congresso Paulista de Educa\u00e7\u00e3o M\u00e9dica \u00e9 uma realiza\u00e7\u00e3o da Regional S\u00e3o Paulo da ABEM \u2013 Associa\u00e7\u00e3o Brasileira de Educa\u00e7\u00e3o M\u00e9dica e acontecer\u00e1 de 18 a 20 de abril de 2026, no campus do Centro Universit\u00e1rio Est\u00e1cio de Ribeir\u00e3o Preto &#8211; IDOMED.<\/p>\n<p><br \/>O estado de S\u00e3o Paulo concentra atualmente 84 escolas m\u00e9dicas, mais de 10 mil docentes, 50 mil estudantes de medicina e 15,9 mil residente (um ter\u00e7o dos m\u00e9dicos residentes do pa\u00eds). Para esta edi\u00e7\u00e3o, a expectativa \u00e9 reunir mais de 1.500 participantes, consolidando o CPEM como um relevante f\u00f3rum dedicado \u00e0 educa\u00e7\u00e3o m\u00e9dica.<\/p>\n<p><br \/>O congresso se apresenta como espa\u00e7o privilegiado para o debate e a reflex\u00e3o sobre os diferentes desafios e pr\u00e1ticas da forma\u00e7\u00e3o m\u00e9dica. O tema central do congresso ser\u00e1 \u201cAs DCN e o Futuro da Forma\u00e7\u00e3o M\u00e9dica: entre Normas e Narrativas\u201d.<\/p>\n\t\t\t\t\t\t\t\t<\/div>\n\t\t\t\t<div class=\"elementor-element elementor-element-d3c2859 elementor-widget-divider--view-line elementor-widget elementor-widget-divider\" data-id=\"d3c2859\" data-element_type=\"widget\" data-widget_type=\"divider.default\">\n\t\t\t\t\t\t\t<div class=\"elementor-divider\">\n\t\t\t<span class=\"elementor-divider-separator\">\n\t\t\t\t\t\t<\/span>\n\t\t<\/div>\n\t\t\t\t\t\t<\/div>\n\t\t\t\t<div class=\"elementor-element elementor-element-57e8f39 elementor-widget elementor-widget-heading\" data-id=\"57e8f39\" data-element_type=\"widget\" data-widget_type=\"heading.default\">\n\t\t\t\t\t<h2 class=\"elementor-heading-title elementor-size-default\">INFORMA\u00c7\u00d5ES GERAIS:<\/h2>\t\t\t\t<\/div>\n\t\t\t\t<div class=\"elementor-element elementor-element-dc872bb elementor-widget elementor-widget-text-editor\" data-id=\"dc872bb\" data-element_type=\"widget\" data-widget_type=\"text-editor.default\">\n\t\t\t\t\t\t\t\t\t<p><strong>Local do Evento:<\/strong> Centro Universit\u00e1rio Est\u00e1cio de Ribeir\u00e3o Preto \u2013 IDOMED<strong>.<\/strong><\/p>\n<p><strong>Endere\u00e7o:<\/strong> Rua Abrah\u00e3o Issa Halack, 980 \u2013 Bairro Ribeir\u00e2nia<\/p>\n<p><strong>Data do Evento:<\/strong> 18 a 20 de abril de 2026<\/p>\t\t\t\t\t\t\t\t<\/div>\n\t\t\t\t<div class=\"elementor-element elementor-element-b9540b4 elementor-widget elementor-widget-google_maps\" data-id=\"b9540b4\" data-element_type=\"widget\" data-widget_type=\"google_maps.default\">\n\t\t\t\t\t\t\t<div class=\"elementor-custom-embed\">\n\t\t\t<iframe loading=\"lazy\"\n\t\t\t\t\tsrc=\"https:\/\/maps.google.com\/maps?q=Rua%20Abrah%C3%A3o%20Issa%20Halack%2C%20980%20%E2%80%93%20Bairro%20Ribeir%C3%A2nia%20CEP%2014096-160%20Ribeir%C3%A3o%20Preto%2FSP&#038;t=m&#038;z=13&#038;output=embed&#038;iwloc=near\"\n\t\t\t\t\ttitle=\"Rua Abrah\u00e3o Issa Halack, 980 \u2013 Bairro Ribeir\u00e2nia CEP 14096-160 Ribeir\u00e3o Preto\/SP\"\n\t\t\t\t\taria-label=\"Rua Abrah\u00e3o Issa Halack, 980 \u2013 Bairro Ribeir\u00e2nia CEP 14096-160 Ribeir\u00e3o Preto\/SP\"\n\t\t\t><\/iframe>\n\t\t<\/div>\n\t\t\t\t\t\t<\/div>\n\t\t\t\t<div class=\"elementor-element elementor-element-dbaab91 elementor-widget-divider--view-line elementor-widget elementor-widget-divider\" data-id=\"dbaab91\" data-element_type=\"widget\" data-widget_type=\"divider.default\">\n\t\t\t\t\t\t\t<div class=\"elementor-divider\">\n\t\t\t<span class=\"elementor-divider-separator\">\n\t\t\t\t\t\t<\/span>\n\t\t<\/div>\n\t\t\t\t\t\t<\/div>\n\t\t\t\t<div class=\"elementor-element elementor-element-d106170 elementor-widget elementor-widget-heading\" data-id=\"d106170\" data-element_type=\"widget\" data-widget_type=\"heading.default\">\n\t\t\t\t\t<h2 class=\"elementor-heading-title elementor-size-default\">REALIZA\u00c7\u00c3O:<\/h2>\t\t\t\t<\/div>\n\t\t\t\t<div class=\"elementor-element elementor-element-d24012b elementor-widget elementor-widget-image\" data-id=\"d24012b\" data-element_type=\"widget\" data-widget_type=\"image.default\">\n\t\t\t\t\t\t\t\t\t\t\t\t\t\t\t<img fetchpriority=\"high\" decoding=\"async\" width=\"580\" height=\"280\" src=\"https:\/\/cpem.org.br\/2026\/wp-content\/uploads\/2019\/09\/abem_v2.jpg\" class=\"attachment-large size-large wp-image-2969\" alt=\"\" srcset=\"https:\/\/cpem.org.br\/2026\/wp-content\/uploads\/2019\/09\/abem_v2.jpg 580w, https:\/\/cpem.org.br\/2026\/wp-content\/uploads\/2019\/09\/abem_v2-250x121.jpg 250w, https:\/\/cpem.org.br\/2026\/wp-content\/uploads\/2019\/09\/abem_v2-120x58.jpg 120w\" sizes=\"(max-width: 580px) 100vw, 580px\" \/>\t\t\t\t\t\t\t\t\t\t\t\t\t\t\t<\/div>\n\t\t\t\t<div class=\"elementor-element elementor-element-b82deff elementor-widget elementor-widget-spacer\" data-id=\"b82deff\" data-element_type=\"widget\" data-widget_type=\"spacer.default\">\n\t\t\t\t\t\t\t<div class=\"elementor-spacer\">\n\t\t\t<div class=\"elementor-spacer-inner\"><\/div>\n\t\t<\/div>\n\t\t\t\t\t\t<\/div>\n\t\t\t\t\t<\/div>\n\t\t\t\t<\/div>\n\t\t\t\t<\/div>\n\t\t","protected":false},"excerpt":{"rendered":"<p>14\u00ba CPEMCongresso Paulista de Educa\u00e7\u00e3o M\u00e9dicaCentro Universit\u00e1rio Est\u00e1cio &#8211; IDOMED 18 a 20 de abril de 2026 | Ribeir\u00e3o Preto-SP Tema Central: \u201cAs DCN e o Futuro da Forma\u00e7\u00e3o M\u00e9dica: entre Normas e Narrativas\u201d.INSCREVA-SE Foto: Guilherme Sircili Seja bem-vindo! O 14\u00ba CPEM \u2013 Congresso Paulista de Educa\u00e7\u00e3o M\u00e9dica \u00e9 uma realiza\u00e7\u00e3o da Regional S\u00e3o Paulo [&hellip;]<\/p>\n","protected":false},"author":2,"featured_media":0,"parent":0,"menu_order":1,"comment_status":"closed","ping_status":"closed","template":"","meta":{"footnotes":""},"class_list":["post-135","page","type-page","status-publish","hentry"],"_links":{"self":[{"href":"https:\/\/cpem.org.br\/2026\/wp-json\/wp\/v2\/pages\/135","targetHints":{"allow":["GET"]}}],"collection":[{"href":"https:\/\/cpem.org.br\/2026\/wp-json\/wp\/v2\/pages"}],"about":[{"href":"https:\/\/cpem.org.br\/2026\/wp-json\/wp\/v2\/types\/page"}],"author":[{"embeddable":true,"href":"https:\/\/cpem.org.br\/2026\/wp-json\/wp\/v2\/users\/2"}],"replies":[{"embeddable":true,"href":"https:\/\/cpem.org.br\/2026\/wp-json\/wp\/v2\/comments?post=135"}],"version-history":[{"count":10,"href":"https:\/\/cpem.org.br\/2026\/wp-json\/wp\/v2\/pages\/135\/revisions"}],"predecessor-version":[{"id":4021,"href":"https:\/\/cpem.org.br\/2026\/wp-json\/wp\/v2\/pages\/135\/revisions\/4021"}],"wp:attachment":[{"href":"https:\/\/cpem.org.br\/2026\/wp-json\/wp\/v2\/media?parent=135"}],"curies":[{"name":"wp","href":"https:\/\/api.w.org\/{rel}","templated":true}]}}