{"id":3581,"date":"2026-01-09T21:24:37","date_gmt":"2026-01-09T21:24:37","guid":{"rendered":"https:\/\/cpem.org.br\/2026\/?page_id=3581"},"modified":"2026-04-09T14:11:44","modified_gmt":"2026-04-09T14:11:44","slug":"organizacao","status":"publish","type":"page","link":"https:\/\/cpem.org.br\/2026\/organizacao\/","title":{"rendered":"Organiza\u00e7\u00e3o"},"content":{"rendered":"\t\t<div data-elementor-type=\"wp-page\" data-elementor-id=\"3581\" class=\"elementor elementor-3581\" data-elementor-post-type=\"page\">\n\t\t\t\t<div class=\"elementor-element elementor-element-7adc809 e-con-full e-flex e-con e-parent\" data-id=\"7adc809\" data-element_type=\"container\">\n\t\t\t\t<div class=\"elementor-element elementor-element-471a2d2 elementor--h-position-center elementor--v-position-middle elementor-widget elementor-widget-slides\" data-id=\"471a2d2\" data-element_type=\"widget\" data-settings=\"{&quot;navigation&quot;:&quot;none&quot;,&quot;transition&quot;:&quot;slide&quot;,&quot;transition_speed&quot;:500}\" data-widget_type=\"slides.default\">\n\t\t\t\t\t\t\t\t\t\t<div class=\"elementor-slides-wrapper elementor-main-swiper swiper\" role=\"region\" aria-roledescription=\"carousel\" aria-label=\"Slides\" dir=\"ltr\" data-animation=\"\">\n\t\t\t\t<div class=\"swiper-wrapper elementor-slides\">\n\t\t\t\t\t\t\t\t\t\t<div class=\"elementor-repeater-item-cb82680 swiper-slide\" role=\"group\" aria-roledescription=\"slide\"><div class=\"swiper-slide-bg\" role=\"img\" aria-label=\"CULTURA NOITE THEATRO PEDRO II - Foto Guilherme Sircili (3)\"><\/div><div class=\"elementor-background-overlay\"><\/div><div class=\"swiper-slide-inner\" ><div class=\"swiper-slide-contents\"><div class=\"elementor-slide-heading\">Organiza\u00e7\u00e3o<\/div><\/div><\/div><\/div>\t\t\t\t<\/div>\n\t\t\t\t\t\t\t<\/div>\n\t\t\t\t\t\t\t\t<\/div>\n\t\t\t\t<\/div>\n\t\t<div class=\"elementor-element elementor-element-8961905 e-flex e-con-boxed e-con e-parent\" data-id=\"8961905\" data-element_type=\"container\">\n\t\t\t\t\t<div class=\"e-con-inner\">\n\t\t\t\t<div class=\"elementor-element elementor-element-2a02125 elementor-widget elementor-widget-text-editor\" data-id=\"2a02125\" data-element_type=\"widget\" data-widget_type=\"text-editor.default\">\n\t\t\t\t\t\t\t\t\t<p><strong>PRESIDENTE DOCENTE:<\/strong> <br \/>&#8211; Profa. Carla Campos Petean | Est\u00e1cio IDOMED Ribeir\u00e3o Preto<\/p>\n<p><strong>PRESIDENTE DISCENTE:<\/strong> <br \/>&#8211; Acad. Jo\u00e3o Vitor Veloso Sim\u00e3o | Est\u00e1cio IDOMED Ribeir\u00e3o Preto<\/p>\n<p>\u00a0<\/p>\n<p><strong>COMISS\u00c3O ORGANIZADORA<\/strong> <br \/>&#8211; Profa. Carla Campos Petean (Presidente) | Est\u00e1cio IDOMED Ribeir\u00e3o Preto<br \/>&#8211; Prof. Reinaldo Bulgarelli Bestetti | UNAERP<br \/>&#8211; Profa. \u00c2ngela Massayo Ginbo | Centro Universit\u00e1rio Bar\u00e3o de Mau\u00e1<br \/>&#8211; Profa. Alessandra Cristina Marcolin | FMRP &#8211; USP<br \/>&#8211; Prof. Frederico Martins Oliveira | Est\u00e1cio IDOMED Ribeir\u00e3o Preto<br \/>&#8211; Profa. Mariana Maldonado Loch | Est\u00e1cio IDOMED Ribeir\u00e3o Preto<\/p>\n<p>\u00a0<\/p>\n<p><strong>COMISS\u00c3O DE PROGRAMA\u00c7\u00c3O CIENT\u00cdFICA<\/strong> <br \/>&#8211; Prof. Felipe Colombelli Pacca (Presidente) | FACERES<br \/>&#8211; Profa. Fabia Vilarino | S\u00e3o Camilo<br \/>&#8211; Prof. Andr\u00e9 Pinto Lemos de Faria | UNIFAJ<br \/>&#8211; Prof. Lu\u00eds Henrique Montrezor | UNIARA<br \/>&#8211; Prof. Wagner Moneda Telini | UNIFEV<br \/>&#8211; Ana Cristina Fernandes Pereira | FAMEMA<br \/>&#8211; Beatriz Cristina Barcellos Covre | Estacio IDOMED<br \/>&#8211; Acad. Bianca Palma Pardini | UNESP<br \/>&#8211; Acad. Jo\u00e3o Vitor Veloso Sim\u00e3o | Estacio IDOMED<br \/>&#8211; Acad. Let\u00edcia Andrili | UNICAMP<br \/>&#8211; Acad. Beatriz Cristina Barcellos Covre | Est\u00e1cio IDOMED Ribeir\u00e3o Preto<br \/>&#8211; Med. Residente. Carlos Eduardo Merss | Faculdade de Medicina de Botucatu<br \/>&#8211; Med. Residente. Vinicius Santos Rodrigues | UFSJ<\/p>\n<p>\u00a0<\/p>\n<p><strong>COMISS\u00c3O DE TRABALHOS<\/strong>\u00a0<br \/>&#8211; Profa. C\u00e9lia Martins Campanaro (Presidente) | Faculdade de Medicina de Jundia\u00ed<br \/>&#8211; Profa. Ivone da Silva Duarte | UNINOVE<br \/>&#8211; Profa. Ana Carolina Nonato | Faculdade de Medicina de Botucatu<br \/>&#8211; Profa. Mar\u00edlia Mota | Faculdade de Medicina de Jundia\u00ed<br \/>&#8211; Profa. Ana Paula Felgueiras | Faculdade de Medicina de Jundia\u00ed<br \/>&#8211; Profa. M\u00f4nica Lipay | Faculdade de Medicina de Jundia\u00ed<\/p>\n<p>\u00a0<\/p>\n<p><strong>COMISS\u00c3O DE ALOJAMENTO<\/strong><br \/>&#8211; Acad. Leonardo Sasse Fran\u00e7a Pinto | Estacio IDOMED<br \/>&#8211; Acad. \u2060Artur Lara Ribeiro Martins | Est\u00e1cio IDOMED<br \/>&#8211; Acad. Ot\u00e1vio Barcelo de Souza Abreu | FMRP-USP<br \/>&#8211; Acad. Gabriel Leite Rodrigues da Cunha | FMRP-USP<br \/>&#8211; Acad. Camila Castellani Souza | FMRP-USP<\/p>\n<p>\u00a0<\/p>\n<p><strong>COMISS\u00c3O DE INFRAESTRUTURA<\/strong> <br \/>&#8211; Prof. Marcelo Fabiano Paraizo (Presidente) | Est\u00e1cio IDOMED<br \/>&#8211; Acad. Christian Romeu Silva Gandra | Estacio IDOMED<br \/>&#8211; Acad. Ulisses \u00c1vila Reis | Centro Universit\u00e1rio Bar\u00e3o de Mau\u00e1<\/p>\n<p>\u00a0<\/p>\n<p><strong>COMISS\u00c3O CULTURAL<\/strong><br \/>&#8211; Prof. Marcelo Fabiano Paraizo (Presidente) | Est\u00e1cio IDOMED<br \/>&#8211; Acad. Thaila Helo\u00edsa Petruco | UNAERP<br \/>&#8211; Acad. Dait\u00f4 Rosa Dantas Santos | UNAERP<br \/>&#8211; Acad. Bianca Palma Pardini | Faculdade de Medicina de Botucatu<\/p>\n<p><\/p>\t\t\t\t\t\t\t\t<\/div>\n\t\t\t\t<div class=\"elementor-element elementor-element-5e3c1d2 elementor-widget elementor-widget-spacer\" data-id=\"5e3c1d2\" data-element_type=\"widget\" data-widget_type=\"spacer.default\">\n\t\t\t\t\t\t\t<div class=\"elementor-spacer\">\n\t\t\t<div class=\"elementor-spacer-inner\"><\/div>\n\t\t<\/div>\n\t\t\t\t\t\t<\/div>\n\t\t\t\t\t<\/div>\n\t\t\t\t<\/div>\n\t\t\t\t<\/div>\n\t\t","protected":false},"excerpt":{"rendered":"<p>Organiza\u00e7\u00e3o PRESIDENTE DOCENTE: &#8211; Profa. Carla Campos Petean | Est\u00e1cio IDOMED Ribeir\u00e3o Preto PRESIDENTE DISCENTE: &#8211; Acad. Jo\u00e3o Vitor Veloso Sim\u00e3o | Est\u00e1cio IDOMED Ribeir\u00e3o Preto \u00a0 COMISS\u00c3O ORGANIZADORA &#8211; Profa. Carla Campos Petean (Presidente) | Est\u00e1cio IDOMED Ribeir\u00e3o Preto&#8211; Prof. Reinaldo Bulgarelli Bestetti | UNAERP&#8211; Profa. \u00c2ngela Massayo Ginbo | Centro Universit\u00e1rio Bar\u00e3o de [&hellip;]<\/p>\n","protected":false},"author":2,"featured_media":0,"parent":0,"menu_order":2,"comment_status":"closed","ping_status":"closed","template":"","meta":{"footnotes":""},"class_list":["post-3581","page","type-page","status-publish","hentry"],"_links":{"self":[{"href":"https:\/\/cpem.org.br\/2026\/wp-json\/wp\/v2\/pages\/3581","targetHints":{"allow":["GET"]}}],"collection":[{"href":"https:\/\/cpem.org.br\/2026\/wp-json\/wp\/v2\/pages"}],"about":[{"href":"https:\/\/cpem.org.br\/2026\/wp-json\/wp\/v2\/types\/page"}],"author":[{"embeddable":true,"href":"https:\/\/cpem.org.br\/2026\/wp-json\/wp\/v2\/users\/2"}],"replies":[{"embeddable":true,"href":"https:\/\/cpem.org.br\/2026\/wp-json\/wp\/v2\/comments?post=3581"}],"version-history":[{"count":10,"href":"https:\/\/cpem.org.br\/2026\/wp-json\/wp\/v2\/pages\/3581\/revisions"}],"predecessor-version":[{"id":4096,"href":"https:\/\/cpem.org.br\/2026\/wp-json\/wp\/v2\/pages\/3581\/revisions\/4096"}],"wp:attachment":[{"href":"https:\/\/cpem.org.br\/2026\/wp-json\/wp\/v2\/media?parent=3581"}],"curies":[{"name":"wp","href":"https:\/\/api.w.org\/{rel}","templated":true}]}}