{"id":3697,"date":"2026-01-09T21:24:37","date_gmt":"2026-01-09T21:24:37","guid":{"rendered":"https:\/\/cpem.org.br\/2026\/?page_id=3697"},"modified":"2026-04-08T21:25:34","modified_gmt":"2026-04-08T21:25:34","slug":"alojamento","status":"publish","type":"page","link":"https:\/\/cpem.org.br\/2026\/alojamento\/","title":{"rendered":"Alojamento"},"content":{"rendered":"\t\t<div data-elementor-type=\"wp-page\" data-elementor-id=\"3697\" class=\"elementor elementor-3697\" data-elementor-post-type=\"page\">\n\t\t\t\t<div class=\"elementor-element elementor-element-17133fa e-con-full e-flex e-con e-parent\" data-id=\"17133fa\" data-element_type=\"container\">\n\t\t\t\t<div class=\"elementor-element elementor-element-010f870 elementor--h-position-center elementor--v-position-middle elementor-widget elementor-widget-slides\" data-id=\"010f870\" data-element_type=\"widget\" data-settings=\"{&quot;navigation&quot;:&quot;none&quot;,&quot;transition&quot;:&quot;slide&quot;,&quot;transition_speed&quot;:500}\" data-widget_type=\"slides.default\">\n\t\t\t\t\t\t\t\t\t\t<div class=\"elementor-slides-wrapper elementor-main-swiper swiper\" role=\"region\" aria-roledescription=\"carousel\" aria-label=\"Slides\" dir=\"ltr\" data-animation=\"\">\n\t\t\t\t<div class=\"swiper-wrapper elementor-slides\">\n\t\t\t\t\t\t\t\t\t\t<div class=\"elementor-repeater-item-cb82680 swiper-slide\" role=\"group\" aria-roledescription=\"slide\"><div class=\"swiper-slide-bg\" role=\"img\" aria-label=\"CULTURA NOITE THEATRO PEDRO II - Foto Guilherme Sircili (3)\"><\/div><div class=\"elementor-background-overlay\"><\/div><div class=\"swiper-slide-inner\" ><div class=\"swiper-slide-contents\"><div class=\"elementor-slide-heading\">Alojamento<\/div><\/div><\/div><\/div>\t\t\t\t<\/div>\n\t\t\t\t\t\t\t<\/div>\n\t\t\t\t\t\t\t\t<\/div>\n\t\t\t\t<\/div>\n\t\t<div class=\"elementor-element elementor-element-d8c78ae e-flex e-con-boxed e-con e-parent\" data-id=\"d8c78ae\" data-element_type=\"container\">\n\t\t\t\t\t<div class=\"e-con-inner\">\n\t\t\t\t<div class=\"elementor-element elementor-element-125aea4 elementor-widget elementor-widget-text-editor\" data-id=\"125aea4\" data-element_type=\"widget\" data-widget_type=\"text-editor.default\">\n\t\t\t\t\t\t\t\t\t<p style=\"text-align: center;\"><strong>&#8211; EDITAL DE ALOJAMENTO ESTUDANTIL &#8211;<br \/><\/strong>14\u00ba CPEM | Congresso Paulista de Educa\u00e7\u00e3o M\u00e9dica<\/p><p><strong>1. CONSIDERA\u00c7\u00d5ES GERAIS<\/strong><\/p><p><strong>1.1<\/strong>. O presente regulamento cont\u00e9m as normas das inscri\u00e7\u00f5es para o alojamento a ser oferecido durante o 14\u00ba Congresso Paulista de Educa\u00e7\u00e3o M\u00e9dica (CPEM), bem como sobre as normas de funcionamento. O evento acontecer\u00e1 entre os dias 18 e 20 de abril de 2026 em Ribeir\u00e3o Preto &#8211; SP. O alojamento estar\u00e1 localizado na <span style=\"text-decoration: underline;\">Av. Miguel Covian, 120, Campus USP<\/span><\/p><p><strong>\u2013 Data de entrada no alojamento: 17\/04\/2026 (a partir das 17h)<\/strong><br \/><strong>\u2013 Data de sa\u00edda do alojamento: 20\/04\/2026 (at\u00e9 \u00e0s 17h)<\/strong><\/p><p><strong><br \/>2. DA INSCRI\u00c7\u00c3O<\/strong><\/p><p><strong>2.1.<\/strong> Ser\u00e3o disponibilizadas <strong>50 (cinquenta)<\/strong>\u00a0vagas de alojamento.<\/p><p>\u00a0 \u00a0 \u00a02.1.1. Em continuidade \u00e0 pol\u00edtica de a\u00e7\u00f5es afirmativas da ABEM, a Comiss\u00e3o Organizadora do CPEM definiu que haver\u00e1 prioridade dessas vagas para os estudantes contemplados.<\/p><p><strong>2.2.<\/strong>\u00a0As vagas contemplam estudantes devidamente matriculados em Institui\u00e7\u00e3o de Ensino Superior (IES) autorizadas pelo Minist\u00e9rio da Educa\u00e7\u00e3o.<\/p><p><strong>2.3<\/strong>. Estudantes residentes da cidade do evento n\u00e3o poder\u00e3o concorrer a este edital.<\/p><p><strong>2.4.<\/strong>\u00a0O estudante que submeter a vaga de alojamento\u00a0<strong>deve estar com a sua inscri\u00e7\u00e3o no congresso confirmada (paga\/isento).<\/strong><\/p><p><strong>2.5.<\/strong>\u00a0O acad\u00eamico dever\u00e1 pagar o valor de R$ 50,00 (cinquenta reais) para sua inscri\u00e7\u00e3o ao alojamento. Somente ser\u00e1 confirmada a inscri\u00e7\u00e3o ap\u00f3s compensa\u00e7\u00e3o do pagamento da fatura gerada no ato da inscri\u00e7\u00e3o. A reserva \u00e9 feita por ordem de pagamento. Na ocorr\u00eancia do n\u00e3o pagamento, a reserva ser\u00e1 cancelada automaticamente.<\/p><p>\u00a0 \u00a0 \u00a02.5.1. Em caso de n\u00e3o comparecimento ou cancelamento, o valor pago pela inscri\u00e7\u00e3o n\u00e3o ser\u00e1 devolvido. A inscri\u00e7\u00e3o \u00e9 intransfer\u00edvel, ou seja, n\u00e3o \u00e9 poss\u00edvel transferir a inscri\u00e7\u00e3o para outra pessoa.<\/p><p><strong>2.6.<\/strong>\u00a0Para se inscrever no alojamento voc\u00ea deve estar logado no painel do congressista do 14\u00ba CPEM e procurar o menu\u00a0<strong>Programa\u00e7\u00e3o -&gt; Alojamento<\/strong>\u00a0(procurar pelo evento alojamento).<\/p><p><strong>2.7.<\/strong>\u00a0A inscri\u00e7\u00e3o no alojamento estar\u00e1\u00a0<strong>dispon\u00edvel a partir de 26\/01\/2026.<\/strong><\/p><p><strong>2.8.<\/strong>\u00a0A inscri\u00e7\u00e3o dos candidatos neste edital se encerrar\u00e1 no dia\u00a0<strong>06\/03\/2026<\/strong>\u00a0ou quando acabarem as vagas.<\/p><p><strong>2.9.<\/strong>\u00a0N\u00e3o ser\u00e3o aceitas inscri\u00e7\u00f5es realizadas ou solicitadas por qualquer outro meio que n\u00e3o o especificado no Item 2.7.<\/p><p><strong>2.10.<\/strong>\u00a0Em caso de desist\u00eancia, o discente deve informar a comiss\u00e3o organizadora do evento para que a vaga possa ser disponibilizada para discentes em lista de espera.<\/p><p><strong><br \/>3. DO CRONOGRAMA<\/strong><\/p><p><strong>3.1.<\/strong>\u00a0Os prazos se encerram \u00e0s 23:59 de cada dia, hor\u00e1rio de Bras\u00edlia (DF).<\/p><p><strong>\u2022<\/strong>\u00a0<strong>26\/01\/2026:<\/strong> In\u00edcio das inscri\u00e7\u00f5es no alojamento (A\u00e7\u00f5es Afirmativas)\u00a0<br \/><strong>\u2022 16\/04\/2026:<\/strong> Fim do prazo de inscri\u00e7\u00e3o no alojamento<\/p><p><strong><br \/>4. SOBRE A MODALIDADE ALOJAMENTO<\/strong><\/p><p><strong>4.1.<\/strong> A modalidade consiste em oferecer alojamento aos congressistas discentes interessados, localizado na Av. Miguel Covian, 120, Campus USP, entre os dias 17 e 20 de abril de 2026.<\/p><p><strong>4.2.<\/strong>\u00a0O alojamento ter\u00e1 suas acomoda\u00e7\u00f5es divulgadas oportunamente<strong>.<\/strong><\/p><p><strong>4.3.<\/strong>\u00a0A entrada no alojamento s\u00f3 ser\u00e1 permitida mediante apresenta\u00e7\u00e3o de dados que comprovem a identidade do estudante contemplado.<\/p><p><strong><br \/>5. DOS DIREITOS E DEVERES<\/strong><\/p><p><strong>5.1.<\/strong>\u00a0O alojamento \u00e9 exclusivo aos congressistas discentes inscritos do 14\u00ba CPEM.<\/p><p><strong>5.2.<\/strong>\u00a0Dos deveres dos usu\u00e1rios do alojamento:<\/p><p>\u00a0 \u00a0 \u00a05.2.1. Assinar o termo\/contrato na chegada;<\/p><p>\u00a0 \u00a0 \u00a05.2.2. Levar medicamentos de uso pessoal, se utilizados, responsabilizando-se por seu armazenamento e por sua utiliza\u00e7\u00e3o.<\/p><p>\u00a0 \u00a0 \u00a05.2.3. Respeitar as regras institu\u00eddas pelo alojamento.<\/p><p><strong>5.3.<\/strong>\u00a0Dos direitos dos usu\u00e1rios do alojamento:<\/p><p>\u00a0 \u00a0 \u00a05.3.1. Usufruir da vaga que lhe foi destinada, salvaguardando e garantindo a integridade da \u00e1rea ocupada, assim como dos bens patrimoniais que a guarnecem;<\/p><p><strong>5.4.<\/strong>\u00a0A Comiss\u00e3o Organizadora n\u00e3o assume qualquer responsabilidade pelos pertences e objetos de valor deixados ou perdidos no alojamento.<\/p><p><strong><br \/>6. DAS PROIBI\u00c7\u00d5ES<\/strong><\/p><p><strong>6.1.<\/strong>\u00a0\u00c9 terminantemente proibido aos beneficiados com a concess\u00e3o de vaga no alojamento:<\/p><p>\u00a0 \u00a0 \u00a0 6.1.1. A\u00e7\u00f5es de discrimina\u00e7\u00e3o de qualquer natureza; racismo; lgbtqiapn+fobia; machismo; capacitismo; xenofobia e quaisquer outras formas de preconceito e intoler\u00e2ncia.<br \/>\u00a0 \u00a0 \u00a0 6.1.2. Manter armas de fogo em qualquer depend\u00eancia do alojamento.<br \/>\u00a0 \u00a0 \u00a0 6.1.3. Levar ou manter animais no alojamento.<br \/>\u00a0 \u00a0 \u00a0 6.1.4. Permitir ou facilitar a entrada de pessoas estranhas, sem estarem devidamente identificadas e autorizadas.<br \/>\u00a0 \u00a0 \u00a0 6.1.5. Retirar bens patrimoniais que guarnecem o local em que estiverem ocupando vaga no alojamento.<br \/>\u00a0 \u00a0 \u00a0 6.1.6. Manter ou utilizar subst\u00e2ncias t\u00f3xicas, explosivas ou inflam\u00e1veis em qualquer \u00e1rea do alojamento;<br \/>\u00a0 \u00a0 \u00a0 6.1.7. Depositar lixo fora dos locais espec\u00edficos para esta finalidade;<br \/>\u00a0 \u00a0 \u00a0 6.1.8. Perturbar o bom funcionamento do alojamento;<\/p><p><strong><br \/>7. DOS CRIT\u00c9RIOS DE SELE\u00c7\u00c3O<\/strong><\/p><p><strong>7.1.<\/strong>\u00a0As vagas ser\u00e3o reservadas prioritariamente para os palestrantes discentes e para aqueles aprovados, por ordem de inscri\u00e7\u00e3o;<\/p><p><strong>7.2.<\/strong>\u00a0Se houver excedente, as vagas ser\u00e3o disponibilizadas para demais discentes inscritos;<\/p><p><strong><br \/>8. DAS DISPOSI\u00c7\u00d5ES FINAIS<\/strong><\/p><p><strong>8.1.<\/strong>\u00a0A inscri\u00e7\u00e3o neste edital denota a concord\u00e2ncia esclarecida com o compromisso de indeniza\u00e7\u00e3o, por parte do alojado envolvido, por qualquer dano.<\/p><p><strong>8.2.<\/strong>\u00a0A Comiss\u00e3o Organizadora reserva-se o direito de cancelar, interromper, suspender ou adiar este edital no todo ou em parte, em caso fortuito ou de for\u00e7a maior.<\/p><p><strong>8.3.<\/strong>\u00a0O CPEM n\u00e3o se responsabiliza por pertences deixados no local, perdidos ou extraviados, devendo cada um dos estudantes alojados supervisionar e zelar por seus pertences e os dos demais.<\/p><p><strong>8.4.<\/strong>\u00a0Os casos omissos ser\u00e3o resolvidos pela comiss\u00e3o organizadora do 14\u00ba CPEM.<\/p><p><strong>8.5.<\/strong>\u00a0A Comiss\u00e3o Organizadora \u00e9 soberana nas suas decis\u00f5es, inexistindo a possibilidade de qualquer esp\u00e9cie de recurso ap\u00f3s delibera\u00e7\u00e3o.<\/p>\t\t\t\t\t\t\t\t<\/div>\n\t\t\t\t<div class=\"elementor-element elementor-element-7b70c0a elementor-widget elementor-widget-spacer\" data-id=\"7b70c0a\" data-element_type=\"widget\" data-widget_type=\"spacer.default\">\n\t\t\t\t\t\t\t<div class=\"elementor-spacer\">\n\t\t\t<div class=\"elementor-spacer-inner\"><\/div>\n\t\t<\/div>\n\t\t\t\t\t\t<\/div>\n\t\t\t\t\t<\/div>\n\t\t\t\t<\/div>\n\t\t\t\t<\/div>\n\t\t","protected":false},"excerpt":{"rendered":"<p>Alojamento &#8211; EDITAL DE ALOJAMENTO ESTUDANTIL &#8211;14\u00ba CPEM | Congresso Paulista de Educa\u00e7\u00e3o M\u00e9dica 1. CONSIDERA\u00c7\u00d5ES GERAIS 1.1. O presente regulamento cont\u00e9m as normas das inscri\u00e7\u00f5es para o alojamento a ser oferecido durante o 14\u00ba Congresso Paulista de Educa\u00e7\u00e3o M\u00e9dica (CPEM), bem como sobre as normas de funcionamento. O evento acontecer\u00e1 entre os dias 18 [&hellip;]<\/p>\n","protected":false},"author":2,"featured_media":0,"parent":0,"menu_order":2,"comment_status":"closed","ping_status":"closed","template":"","meta":{"footnotes":""},"class_list":["post-3697","page","type-page","status-publish","hentry"],"_links":{"self":[{"href":"https:\/\/cpem.org.br\/2026\/wp-json\/wp\/v2\/pages\/3697","targetHints":{"allow":["GET"]}}],"collection":[{"href":"https:\/\/cpem.org.br\/2026\/wp-json\/wp\/v2\/pages"}],"about":[{"href":"https:\/\/cpem.org.br\/2026\/wp-json\/wp\/v2\/types\/page"}],"author":[{"embeddable":true,"href":"https:\/\/cpem.org.br\/2026\/wp-json\/wp\/v2\/users\/2"}],"replies":[{"embeddable":true,"href":"https:\/\/cpem.org.br\/2026\/wp-json\/wp\/v2\/comments?post=3697"}],"version-history":[{"count":10,"href":"https:\/\/cpem.org.br\/2026\/wp-json\/wp\/v2\/pages\/3697\/revisions"}],"predecessor-version":[{"id":4090,"href":"https:\/\/cpem.org.br\/2026\/wp-json\/wp\/v2\/pages\/3697\/revisions\/4090"}],"wp:attachment":[{"href":"https:\/\/cpem.org.br\/2026\/wp-json\/wp\/v2\/media?parent=3697"}],"curies":[{"name":"wp","href":"https:\/\/api.w.org\/{rel}","templated":true}]}}