{"id":3862,"date":"2026-01-15T16:38:40","date_gmt":"2026-01-15T16:38:40","guid":{"rendered":"https:\/\/cpem.org.br\/2026\/?page_id=3862"},"modified":"2026-04-06T19:50:03","modified_gmt":"2026-04-06T19:50:03","slug":"oficina","status":"publish","type":"page","link":"https:\/\/cpem.org.br\/2026\/oficina\/","title":{"rendered":"Oficina"},"content":{"rendered":"\t\t<div data-elementor-type=\"wp-page\" data-elementor-id=\"3862\" class=\"elementor elementor-3862\" data-elementor-post-type=\"page\">\n\t\t\t\t<div class=\"elementor-element elementor-element-cedf2c8 e-con-full e-flex e-con e-parent\" data-id=\"cedf2c8\" data-element_type=\"container\">\n\t\t\t\t<div class=\"elementor-element elementor-element-a16e2da elementor--h-position-center elementor--v-position-middle elementor-widget elementor-widget-slides\" data-id=\"a16e2da\" data-element_type=\"widget\" data-settings=\"{&quot;navigation&quot;:&quot;none&quot;,&quot;transition&quot;:&quot;slide&quot;,&quot;transition_speed&quot;:500}\" data-widget_type=\"slides.default\">\n\t\t\t\t\t\t\t\t\t\t<div class=\"elementor-slides-wrapper elementor-main-swiper swiper\" role=\"region\" aria-roledescription=\"carousel\" aria-label=\"Slides\" dir=\"ltr\" data-animation=\"\">\n\t\t\t\t<div class=\"swiper-wrapper elementor-slides\">\n\t\t\t\t\t\t\t\t\t\t<div class=\"elementor-repeater-item-cb82680 swiper-slide\" role=\"group\" aria-roledescription=\"slide\"><div class=\"swiper-slide-bg\" role=\"img\" aria-label=\"CULTURA NOITE THEATRO PEDRO II - Foto Guilherme Sircili (3)\"><\/div><div class=\"elementor-background-overlay\"><\/div><div class=\"swiper-slide-inner\" ><div class=\"swiper-slide-contents\"><div class=\"elementor-slide-heading\">Oficinas<\/div><\/div><\/div><\/div>\t\t\t\t<\/div>\n\t\t\t\t\t\t\t<\/div>\n\t\t\t\t\t\t\t\t<\/div>\n\t\t\t\t<\/div>\n\t\t<div class=\"elementor-element elementor-element-630b5c64 e-flex e-con-boxed e-con e-parent\" data-id=\"630b5c64\" data-element_type=\"container\">\n\t\t\t\t\t<div class=\"e-con-inner\">\n\t\t\t\t<div class=\"elementor-element elementor-element-998139c elementor-widget elementor-widget-text-editor\" data-id=\"998139c\" data-element_type=\"widget\" data-widget_type=\"text-editor.default\">\n\t\t\t\t\t\t\t\t\t<p style=\"text-align: center;\"><strong>EDITAL PARA A PROPOSI\u00c7\u00c3O DE OFICINAS<br \/>14\u00ba CONGRESSO PAULISTA DE EDUCA\u00c7\u00c3O M\u00c9DICA<\/strong><\/p><p style=\"text-align: center;\"><i>\u201cAs DCN e o Futuro da Forma\u00e7\u00e3o M\u00e9dica: entre Normas e Narrativas\u201d.<\/i><\/p><p><strong>O EVENTO<\/strong><\/p><p>O <strong>14\u00ba CPEM \u2013 Congresso Paulista de Educa\u00e7\u00e3o M\u00e9dica<\/strong> \u00e9 uma realiza\u00e7\u00e3o da Regional S\u00e3o Paulo da <strong>ABEM \u2013 Associa\u00e7\u00e3o Brasileira de Educa\u00e7\u00e3o M\u00e9dica<\/strong> e acontecer\u00e1 de <strong>18 a 20 de abril de 2026<\/strong>, no campus da <strong>Faculdade de Medicina da Est\u00e1cio de Ribeir\u00e3o Preto<\/strong>.<\/p><p>O estado de S\u00e3o Paulo concentra atualmente <strong>84 escolas m\u00e9dicas<\/strong>, mais de <strong>10 mil docentes<\/strong> e <strong>50 mil estudantes de medicina<\/strong>. Para esta edi\u00e7\u00e3o, a expectativa \u00e9 reunir <strong>mais de 1.500 participantes<\/strong>, consolidando o CPEM como um relevante f\u00f3rum dedicado \u00e0 educa\u00e7\u00e3o m\u00e9dica.<\/p><p>O congresso se apresenta como espa\u00e7o privilegiado para o debate e a reflex\u00e3o sobre os diferentes desafios e pr\u00e1ticas da forma\u00e7\u00e3o m\u00e9dica. Os eixos centrais de discuss\u00e3o incluem as <strong>novas Diretrizes Curriculares Nacionais para o curso de Medicina, Avalia\u00e7\u00e3o discente e Institucional, Resid\u00eancia M\u00e9dica e Educa\u00e7\u00e3o Permanente em Sa\u00fade <\/strong>e<strong> Inova\u00e7\u00e3o em Educa\u00e7\u00e3o M\u00e9dica.<\/strong><\/p><p>Convidamos as faculdades para contribuir com propostas de <strong>oficinas<\/strong>, trazendo sua experi\u00eancia para compartilhar com outras institui\u00e7\u00f5es e promover reflex\u00f5es e melhorias.<\/p><ul><li><p><strong>14\u00ba CPEM \u2013 Congresso Paulista de Educa\u00e7\u00e3o M\u00e9dica<\/strong><\/p><\/li><li><p><strong>Tema central: As DCN e o futuro da forma\u00e7\u00e3o M\u00e9dica: Entre normas e narrativas<\/strong><\/p><\/li><li><p><strong>Formato:\u00a0<\/strong>Presencial<\/p><\/li><li><p><strong>Data: <\/strong>18 a 20 de abril de 2026, Faculdade de Medicina Est\u00e1cio de Ribeir\u00e3o Preto \u2013 SP.<\/p><\/li><li><p><strong>Objetivo geral: <\/strong>Promover a reflex\u00e3o cr\u00edtica e a humaniza\u00e7\u00e3o na forma\u00e7\u00e3o m\u00e9dica para o SUS em tempos de IA, disseminando conhecimento cient\u00edfico e tecnol\u00f3gico, fortalecendo o ecossistema de inova\u00e7\u00e3o e estimulando pr\u00e1ticas educacionais inclusivas, interprofissionais e sustent\u00e1veis, por meio de confer\u00eancias, workshops, sess\u00f5es cient\u00edficas e atividades extensionistas, visando aprimorar a qualidade do ensino e da pr\u00e1tica m\u00e9dica no Brasil.<\/p><\/li><\/ul><p><strong><br \/>1. DO EVENTO<\/strong><\/p><p><strong>1.1.<\/strong> As regras a seguir dizem respeito \u00e0 submiss\u00e3o de oficinas para o 14\u00ba Congresso Paulista de Educa\u00e7\u00e3o M\u00e9dica, que ocorrer\u00e1 nos dias\u00a0<strong>18\/04\/2026 a 20\/04\/2026<\/strong>, no formato presencial.<\/p><p><strong>1.2.<\/strong> A realiza\u00e7\u00e3o de oficinas no evento \u00e9 uma oportunidade para docentes e discentes do curso de Medicina e de outros cursos da \u00e1rea da sa\u00fade compartilharem com os congressistas suas experi\u00eancias locais e produ\u00e7\u00e3o de conhecimento, al\u00e9m de reflex\u00f5es sobre o processo de educa\u00e7\u00e3o.<\/p><p><strong><br \/>2. DAS OFICINAS<\/strong><\/p><p><strong>2.1.<\/strong> As oficinas acontecer\u00e3o ao longo da programa\u00e7\u00e3o do CPEM em datas e hor\u00e1rios agendados de acordo com a programa\u00e7\u00e3o a ser divulgada por ocasi\u00e3o dos resultados da sele\u00e7\u00e3o deste edital<strong>.<\/strong><\/p><p><strong>2.2.<\/strong> A proposta de oficina dever\u00e1 estar relacionada com a tem\u00e1tica da Educa\u00e7\u00e3o M\u00e9dica, preferencialmente abordando a tem\u00e1tica central do evento \u2013 <strong>As DCN e o futuro da forma\u00e7\u00e3o M\u00e9dica: Entre normas e narrativas<\/strong> e relacionada aos n\u00facleos tem\u00e1ticos do 14\u00ba CPEM. Encorajamos a proposi\u00e7\u00e3o de modelos inovadores de oficinas.<\/p><p><strong><br \/>Das Oficinas &#8211; Eixos tem\u00e1ticos (n\u00facleos)<\/strong><\/p><p><strong><br \/>EIXO 1: AS NOVAS DIRETRIZES CURRICULARES NACIONAIS<\/strong><\/p><p>An\u00e1lise cr\u00edtica das novas DCN &#8211; 2025, \u00e0 luz das transforma\u00e7\u00f5es contempor\u00e2neas na forma\u00e7\u00e3o m\u00e9dica, das demandas sociais em sa\u00fade e dos avan\u00e7os pedag\u00f3gicos e tecnol\u00f3gicos. Discuss\u00e3o dos impactos da nova regula\u00e7\u00e3o sobre o projeto pedag\u00f3gico. Espa\u00e7o para experi\u00eancias institucionais inovadoras, estrat\u00e9gias de transi\u00e7\u00e3o curricular e governan\u00e7a acad\u00eamica.<\/p><p><strong>Palavras-chave:<\/strong><\/p><p>DCN 2025 \u2013 Compet\u00eancias \u2013 Projeto Pedag\u00f3gico \u2013 Avalia\u00e7\u00e3o discente e institucional \u2013 Avalia\u00e7\u00e3o formativa \u2013Feedback \u2013 OSCE \u2013 EPAs \u2013 SINAES \u2013 SAEME \u2013 ENADE \u2013 Revalida \u2013 Ferramentas \u2013 Governan\u00e7a avaliativa \u2013 Outras metodologias &#8211; Internato \u2013 Extens\u00e3o \u2013 Forma\u00e7\u00e3o M\u00e9dica \u2013Governan\u00e7a Acad\u00eamica \u2013 Sa\u00fade Mental<\/p><p><strong><br \/>EIXO 2: RESID\u00caNCIA M\u00c9DICA E EDUCA\u00c7\u00c3O PERMANENTE EM SA\u00daDE<\/strong><\/p><p>Discuss\u00e3o da continuidade da forma\u00e7\u00e3o m\u00e9dica \u2014 gradua\u00e7\u00e3o, resid\u00eancia e educa\u00e7\u00e3o permanente. An\u00e1lise das interfaces entre o ensino m\u00e9dico de gradua\u00e7\u00e3o e a resid\u00eancia m\u00e9dica, considerando crit\u00e9rios de qualidade, regula\u00e7\u00e3o e avalia\u00e7\u00e3o. Estrat\u00e9gias para o desenvolvimento profissional cont\u00ednuo. <br \/>Explora\u00e7\u00e3o da Educa\u00e7\u00e3o Permanente em Sa\u00fade como pol\u00edtica p\u00fablica e pr\u00e1tica institucional.<\/p><p><strong>Palavras-chave:<\/strong><\/p><p>Resid\u00eancia M\u00e9dica \u2013 Compet\u00eancias \u2013 Preceptoria \u2013 EPA \u2013 CNRM \u2013 Forma\u00e7\u00e3o docente \u2013 Integra\u00e7\u00e3o ensino-servi\u00e7o \u2013 Desenvolvimento profissional cont\u00ednuo<strong>\u00a0<\/strong><\/p><p><strong><br \/>EIXO 3: INOVA\u00c7\u00c3O EM EDUCA\u00c7\u00c3O M\u00c9DICA<\/strong><\/p><p>An\u00e1lise das tend\u00eancias e das pr\u00e1ticas inovadoras em educa\u00e7\u00e3o m\u00e9dica, considerando o impacto das transforma\u00e7\u00f5es tecnol\u00f3gicas, culturais e cient\u00edficas no processo de ensino-aprendizagem. An\u00e1lise cr\u00edtica do papel da intelig\u00eancia artificial, simula\u00e7\u00e3o real\u00edstica, realidade aumentada, metaverso, aprendizagem h\u00edbrida e metodologias ativas avan\u00e7adas. Reflex\u00e3o sobre governan\u00e7a digital nas escolas m\u00e9dicas.<\/p><p><strong>Palavras-chave:<\/strong><\/p><p>Inova\u00e7\u00e3o \u2013 Tecnologias Digitais \u2013 Intelig\u00eancia Artificial \u2013 Simula\u00e7\u00e3o \u2013 Metodologias Ativas \u2013 Curr\u00edculo Inovador \u2013 Desenvolvimento Docente \u2013 Humaniza\u00e7\u00e3o \u2013 \u00c9tica Digital \u2013 Aprendizagem H\u00edbrida<\/p><p><strong><br \/>EIXO 4: NARRATIVAS DA FORMA\u00c7\u00c3O: COMPROMISSO SOCIAL E INTEGRA\u00c7\u00c3O ENSINO-PESQUISA-COMUNIDADE<\/strong><\/p><p>A forma\u00e7\u00e3o de profissionais preparados para responder \u00e0s demandas da popula\u00e7\u00e3o brasileira envolve a incorpora\u00e7\u00e3o de diversas fontes de saberes na pr\u00e1tica m\u00e9dica. An\u00e1lise do papel de justi\u00e7a social exercido pela medicina, considerando as humanidades e a diversidade de popula\u00e7\u00f5es, inclusive as minorit\u00e1rias. Discuss\u00e3o sobre o trip\u00e9 ensino-pesquisa-extens\u00e3o como agente formador essencial das novas gera\u00e7\u00f5es de profissionais da sa\u00fade.<\/p><p><strong>Palavras-chave<\/strong>:<\/p><p>Diversidade de saberes \u2013 Curriculariza\u00e7\u00e3o da Extens\u00e3o Universit\u00e1ria \u2013 Trip\u00e9 ensino-pesquisa-extens\u00e3o \u2013 Ensino baseado na Comunidade -Humaniza\u00e7\u00e3o \u2013 Compet\u00eancias \u2013 Soft Skills \u2013 Popula\u00e7\u00f5es minorit\u00e1rias<\/p><p><strong>2.3.<\/strong> Cada oficina somente poder\u00e1 ser inscrita uma \u00fanica vez no Congresso, mesmo que autores ou institui\u00e7\u00f5es envolvidas sejam diferentes. As escolas m\u00e9dicas poder\u00e3o submeter mais de uma proposta.<\/p><p><strong>2.4.<\/strong> <strong>A proposta ser\u00e1 de inteira responsabilidade t\u00e9cnica e or\u00e7ament\u00e1ria dos proponentes<\/strong> incluindo materiais\/equipamentos necess\u00e1rios \u00e0 atividade, inscri\u00e7\u00f5es dos proponentes, viagens, refei\u00e7\u00f5es e hospedagens.<\/p><p><strong>2.5.<\/strong> As oficinas poder\u00e3o ter dura\u00e7\u00e3o de 2 (duas) ou 4 (quatro) horas.<\/p><p><strong>2.6.<\/strong> As oficinas dever\u00e3o incentivar a participa\u00e7\u00e3o e protagonismo dos interessados, por meio de atividades pr\u00e1ticas.<\/p><p><strong>2.7.<\/strong> As propostas dever\u00e3o ser submetidas on-line, atrav\u00e9s de link a ser divulgado.<\/p><p><strong>2.8.<\/strong> Em hip\u00f3tese alguma ser\u00e3o aceitas oficinas enviadas por e-mail, correspond\u00eancia, fax ou qualquer outro meio de comunica\u00e7\u00e3o que n\u00e3o o estabelecido pelo item 2.7.<\/p><p><strong>2.9.<\/strong> Caber\u00e1 \u00e0 organiza\u00e7\u00e3o do CPEM a distribui\u00e7\u00e3o dos hor\u00e1rios e locais.<\/p><p><strong>2.10.<\/strong> A realiza\u00e7\u00e3o das oficinas selecionadas, durante o 14\u00ba CPEM,\u00a0<strong>ser\u00e1 condicionada ao pagamento da taxa de inscri\u00e7\u00e3o<\/strong>\u00a0por ao menos um dos oficineiros<strong>. S\u00f3 poder\u00e3o participar da oficina, os oficineiros inscritos no <\/strong>14\u00ba CPEM. Os valores est\u00e3o estabelecidos na tabela de inscri\u00e7\u00f5es dispon\u00edvel no website do evento.<\/p><p><strong>2.11.<\/strong>\u00a0<strong>O n\u00famero m\u00e1ximo de Oficineiros <\/strong>em cada Oficina <strong>\u00e9 de 06 (seis). <\/strong>Ap\u00f3s a divulga\u00e7\u00e3o da lista de Oficinas selecionadas, n\u00e3o ser\u00e1 poss\u00edvel a inscri\u00e7\u00e3o de outros autores.<\/p><p><strong>2.12. Os oficineiros inscritos com anteced\u00eancia <\/strong>poder\u00e3o se manifestar sobre o interesse em <strong>participar de outras atividades do congresso como membros de mesas redondas (presidente, debatedor, palestrante), avaliadores de trabalhos cient\u00edficos e julgadores de trabalhos.<\/strong><\/p><p><strong><br \/>3. DA FORMA DE AVALIA\u00c7\u00c3O<\/strong><\/p><p><strong>3.1.<\/strong> Ser\u00e3o desclassificadas as oficinas que n\u00e3o estiverem dentro dos padr\u00f5es de metodologia proposta ou n\u00e3o seguirem as regras aqui apresentadas.<\/p><p><strong>3.2.<\/strong> Todas as oficinas qualificadas ser\u00e3o avaliadas e selecionadas exclusivamente pela Comiss\u00e3o Organizadora do 14\u00ba CPEM, sem men\u00e7\u00e3o a autores ou a institui\u00e7\u00f5es relacionadas.<\/p><p><strong>3.3.<\/strong> A Comiss\u00e3o Organizadora do 14\u00ba CPEM ser\u00e1 respons\u00e1vel pela avalia\u00e7\u00e3o das oficinas, de acordo com os seguintes crit\u00e9rios:<\/p><p>\u2013 Relev\u00e2ncia do tema.<br \/>\u2013 Qualidade e coer\u00eancia da proposta.<br \/>\u2013 Inova\u00e7\u00e3o e contribui\u00e7\u00e3o dos produtos para o avan\u00e7o no campo da educa\u00e7\u00e3o m\u00e9dica.<\/p><p><strong>3.4.<\/strong> As oficinas selecionadas ser\u00e3o divulgadas, aos autores, no site do Congresso.<\/p><p><strong>3.5.<\/strong> Todas as oficinas selecionadas devem ser realizadas no 14\u00ba CPEM por seus respectivos autores indicados no momento da inscri\u00e7\u00e3o, em dia e hor\u00e1rio definido pela Comiss\u00e3o organizadora conforme disposto no item 2.1.<\/p><p><strong>3.6.<\/strong> A proposta deve conter:<\/p><ul><li>T\u00edtulo<\/li><li>N\u00famero m\u00e1ximo de caracteres para a proposta: 3500<\/li><li>Nome dos oficineiros, mini-bio e institui\u00e7\u00e3o de origem<\/li><li>Dura\u00e7\u00e3o (2h ou 4h)<\/li><li>N\u00famero esperado de participantes<\/li><li>Eixo tem\u00e1tico predominante e temas relacionados<\/li><li>Justificativa (alinhada ao tema central e a necessidades do SUS)<\/li><li>Objetivos de aprendizagem (claros e mensur\u00e1veis)<\/li><li>Desenho metodol\u00f3gico (etapas, recursos, din\u00e2mica de participa\u00e7\u00e3o)<\/li><li>Produtos\/entregas esperadas (p.ex., roteiro de pr\u00e1tica, checklist, protocolo, rubrica)<\/li><li>Requisitos de infraestrutura (sala, simula\u00e7\u00e3o, RA\/RV, internet, etc.)<\/li><\/ul><p><strong><br \/>3.7.<\/strong> Da avalia\u00e7\u00e3o das propostas:<\/p><p>As propostas qualificadas ser\u00e3o avaliadas \u00e0s cegas pela Comiss\u00e3o Organizadora do 14\u00ba CPEM, com base nos crit\u00e9rios:<\/p><ul><li><strong>Relev\u00e2ncia do tema <\/strong>para a forma\u00e7\u00e3o m\u00e9dica e o SUS (incluindo \u00e9tica e responsabilidade no uso de IA).<\/li><li><strong>Qualidade e coer\u00eancia pedag\u00f3gica <\/strong>(objetivos \u2194 metodologia \u2194 avalia\u00e7\u00e3o).<\/li><li><strong>Inova\u00e7\u00e3o e contribui\u00e7\u00e3o <\/strong>(produtos, prot\u00f3tipos, replicabilidade, impacto).<\/li><li><strong>Viabilidade <\/strong>(recursos, tempo, infraestrutura).<\/li><li><strong>Ader\u00eancia ao tema <\/strong>central e aos eixos.<\/li><\/ul><p><strong><br \/>4. DA INSCRI\u00c7\u00c3O DOS CONGRESSISTAS NAS OFICINAS<\/strong><\/p><p><strong>4.1.<\/strong> A divulga\u00e7\u00e3o das oficinas aprovadas ser\u00e1 feita no site do CPEM e comunicada aos autores.<\/p><p><strong>4.2.<\/strong> N\u00e3o haver\u00e1 inscri\u00e7\u00e3o pr\u00e9via para participa\u00e7\u00e3o nas oficinas. O acesso \u00e0s atividades ocorrer\u00e1 exclusivamente por ordem de chegada, sendo o n\u00famero de participantes limitado \u00e0 capacidade f\u00edsica da sala onde a atividade ser\u00e1 realizada, bem como \u00e0s orienta\u00e7\u00f5es do(a) oficineiro(a). Uma vez atingido esse limite, n\u00e3o ser\u00e1 permitida a entrada de novos participantes.<\/p><p><strong>4.3.<\/strong> A participa\u00e7\u00e3o \u00e9 limitada ao n\u00famero m\u00e1ximo de vagas informado pela proposta.<\/p><p>A divulga\u00e7\u00e3o das oficinas selecionadas ser\u00e1 feita no site do Congresso.<\/p><p><strong> <br \/>5. DO CRONOGRAMA<\/strong><\/p><p>Os prazos se encerram \u00e0s 23:59 de cada dia, hor\u00e1rio de Bras\u00edlia (DF).<\/p><p><strong>\u2013 IN\u00cdCIO DO PRAZO PARA SUBMISS\u00c3O:<\/strong>26\/01\/2026 <br \/><strong>\u2013 FIM DO PRAZO PARA SUBMISS\u00c3O:<\/strong> 31\/03\/2026<br \/><strong>\u2013 DIVULGA\u00c7\u00c3O DAS OFICINAS APROVADAS AOS AUTORES:<\/strong> 01\/04\/2026<br \/><strong>\u2013 LIMITE PARA PAGAMENTO DA INSCRI\u00c7\u00c3O (Item 2.9 e 2.10):<\/strong> 03\/04\/2026<\/p><p><strong><br \/>6. DISPOSI\u00c7\u00d5ES FINAIS<\/strong><\/p><p><strong>6.1.<\/strong> Os autores das oficinas reconhecem e declaram, assumindo todas as responsabilidades legais, de forma irrevog\u00e1vel e irretrat\u00e1vel, que todas as informa\u00e7\u00f5es fornecidas, bem como o conte\u00fado da oficina inscrita, s\u00e3o verdadeiras, pr\u00f3prias e originais.<\/p><p><strong>6.2.<\/strong> A inclus\u00e3o de qualquer oficina, desde que cumprindo as condi\u00e7\u00f5es aqui apresentadas, j\u00e1 caracteriza a aceita\u00e7\u00e3o irrestrita a todas as regras aqui previstas.<\/p><p><strong>6.3.<\/strong> Os dados informados pelos proponentes de toda e qualquer Oficina ser\u00e3o protegidos pela ABEM em conformidade com a vigente Lei Geral de Prote\u00e7\u00e3o de Dados Pessoais \u2013 LGPD (Lei n\u00ba 13.709 de 14\/08\/2018), nos termos da sua Pol\u00edtica de Privacidade e Prote\u00e7\u00e3o de Dados Pessoais.<\/p><p><strong>6.4.<\/strong> Os casos aqui omissos ser\u00e3o analisados pela Comiss\u00e3o Organizadora.<\/p>\t\t\t\t\t\t\t\t<\/div>\n\t\t\t\t<div class=\"elementor-element elementor-element-83fa8d9 elementor-align-center elementor-widget elementor-widget-button\" data-id=\"83fa8d9\" data-element_type=\"widget\" data-widget_type=\"button.default\">\n\t\t\t\t\t\t\t\t\t\t<a class=\"elementor-button elementor-button-link elementor-size-sm\" href=\"https:\/\/docs.google.com\/forms\/d\/e\/1FAIpQLSdV7ru2FGf8Gysl4X-8K8YqT3CJnM0hyD_ZiphQ7WfvOM2uvQ\/viewform?usp=dialog\" target=\"_blank\">\n\t\t\t\t\t\t<span class=\"elementor-button-content-wrapper\">\n\t\t\t\t\t\t<span class=\"elementor-button-icon\">\n\t\t\t\t<svg aria-hidden=\"true\" class=\"e-font-icon-svg e-far-file-alt\" viewBox=\"0 0 384 512\" xmlns=\"http:\/\/www.w3.org\/2000\/svg\"><path d=\"M288 248v28c0 6.6-5.4 12-12 12H108c-6.6 0-12-5.4-12-12v-28c0-6.6 5.4-12 12-12h168c6.6 0 12 5.4 12 12zm-12 72H108c-6.6 0-12 5.4-12 12v28c0 6.6 5.4 12 12 12h168c6.6 0 12-5.4 12-12v-28c0-6.6-5.4-12-12-12zm108-188.1V464c0 26.5-21.5 48-48 48H48c-26.5 0-48-21.5-48-48V48C0 21.5 21.5 0 48 0h204.1C264.8 0 277 5.1 286 14.1L369.9 98c9 8.9 14.1 21.2 14.1 33.9zm-128-80V128h76.1L256 51.9zM336 464V176H232c-13.3 0-24-10.7-24-24V48H48v416h288z\"><\/path><\/svg>\t\t\t<\/span>\n\t\t\t\t\t\t\t\t\t<span class=\"elementor-button-text\">SUBMETER OFICINA<\/span>\n\t\t\t\t\t<\/span>\n\t\t\t\t\t<\/a>\n\t\t\t\t\t\t\t\t<\/div>\n\t\t\t\t<div class=\"elementor-element elementor-element-8cb1ca9 elementor-widget elementor-widget-spacer\" data-id=\"8cb1ca9\" data-element_type=\"widget\" data-widget_type=\"spacer.default\">\n\t\t\t\t\t\t\t<div class=\"elementor-spacer\">\n\t\t\t<div class=\"elementor-spacer-inner\"><\/div>\n\t\t<\/div>\n\t\t\t\t\t\t<\/div>\n\t\t\t\t\t<\/div>\n\t\t\t\t<\/div>\n\t\t\t\t<\/div>\n\t\t","protected":false},"excerpt":{"rendered":"<p>Oficinas EDITAL PARA A PROPOSI\u00c7\u00c3O DE OFICINAS14\u00ba CONGRESSO PAULISTA DE EDUCA\u00c7\u00c3O M\u00c9DICA \u201cAs DCN e o Futuro da Forma\u00e7\u00e3o M\u00e9dica: entre Normas e Narrativas\u201d. O EVENTO O 14\u00ba CPEM \u2013 Congresso Paulista de Educa\u00e7\u00e3o M\u00e9dica \u00e9 uma realiza\u00e7\u00e3o da Regional S\u00e3o Paulo da ABEM \u2013 Associa\u00e7\u00e3o Brasileira de Educa\u00e7\u00e3o M\u00e9dica e acontecer\u00e1 de 18 a [&hellip;]<\/p>\n","protected":false},"author":3,"featured_media":0,"parent":0,"menu_order":2,"comment_status":"closed","ping_status":"closed","template":"","meta":{"footnotes":""},"class_list":["post-3862","page","type-page","status-publish","hentry"],"_links":{"self":[{"href":"https:\/\/cpem.org.br\/2026\/wp-json\/wp\/v2\/pages\/3862","targetHints":{"allow":["GET"]}}],"collection":[{"href":"https:\/\/cpem.org.br\/2026\/wp-json\/wp\/v2\/pages"}],"about":[{"href":"https:\/\/cpem.org.br\/2026\/wp-json\/wp\/v2\/types\/page"}],"author":[{"embeddable":true,"href":"https:\/\/cpem.org.br\/2026\/wp-json\/wp\/v2\/users\/3"}],"replies":[{"embeddable":true,"href":"https:\/\/cpem.org.br\/2026\/wp-json\/wp\/v2\/comments?post=3862"}],"version-history":[{"count":10,"href":"https:\/\/cpem.org.br\/2026\/wp-json\/wp\/v2\/pages\/3862\/revisions"}],"predecessor-version":[{"id":4029,"href":"https:\/\/cpem.org.br\/2026\/wp-json\/wp\/v2\/pages\/3862\/revisions\/4029"}],"wp:attachment":[{"href":"https:\/\/cpem.org.br\/2026\/wp-json\/wp\/v2\/media?parent=3862"}],"curies":[{"name":"wp","href":"https:\/\/api.w.org\/{rel}","templated":true}]}}