{"id":4031,"date":"2026-04-06T13:30:28","date_gmt":"2026-04-06T13:30:28","guid":{"rendered":"https:\/\/cpem.org.br\/2026\/?page_id=4031"},"modified":"2026-04-07T15:08:07","modified_gmt":"2026-04-07T15:08:07","slug":"hospedagem","status":"publish","type":"page","link":"https:\/\/cpem.org.br\/2026\/hospedagem\/","title":{"rendered":"Hospedagem"},"content":{"rendered":"\t\t<div data-elementor-type=\"wp-page\" data-elementor-id=\"4031\" class=\"elementor elementor-4031\" data-elementor-post-type=\"page\">\n\t\t\t\t<div class=\"elementor-element elementor-element-17133fa e-con-full e-flex e-con e-parent\" data-id=\"17133fa\" data-element_type=\"container\">\n\t\t\t\t<div class=\"elementor-element elementor-element-010f870 elementor--h-position-center elementor--v-position-middle elementor-widget elementor-widget-slides\" data-id=\"010f870\" data-element_type=\"widget\" data-settings=\"{&quot;navigation&quot;:&quot;none&quot;,&quot;transition&quot;:&quot;slide&quot;,&quot;transition_speed&quot;:500}\" data-widget_type=\"slides.default\">\n\t\t\t\t\t\t\t\t\t\t<div class=\"elementor-slides-wrapper elementor-main-swiper swiper\" role=\"region\" aria-roledescription=\"carousel\" aria-label=\"Slides\" dir=\"ltr\" data-animation=\"\">\n\t\t\t\t<div class=\"swiper-wrapper elementor-slides\">\n\t\t\t\t\t\t\t\t\t\t<div class=\"elementor-repeater-item-cb82680 swiper-slide\" role=\"group\" aria-roledescription=\"slide\"><div class=\"swiper-slide-bg\" role=\"img\" aria-label=\"CULTURA NOITE THEATRO PEDRO II - Foto Guilherme Sircili (3)\"><\/div><div class=\"elementor-background-overlay\"><\/div><div class=\"swiper-slide-inner\" ><div class=\"swiper-slide-contents\"><div class=\"elementor-slide-heading\">Hospedagem<\/div><\/div><\/div><\/div>\t\t\t\t<\/div>\n\t\t\t\t\t\t\t<\/div>\n\t\t\t\t\t\t\t\t<\/div>\n\t\t\t\t<\/div>\n\t\t<div class=\"elementor-element elementor-element-d8c78ae e-flex e-con-boxed e-con e-parent\" data-id=\"d8c78ae\" data-element_type=\"container\">\n\t\t\t\t\t<div class=\"e-con-inner\">\n\t\t\t\t<div class=\"elementor-element elementor-element-125aea4 elementor-widget elementor-widget-text-editor\" data-id=\"125aea4\" data-element_type=\"widget\" data-widget_type=\"text-editor.default\">\n\t\t\t\t\t\t\t\t\t<p style=\"text-align: center;\"><strong>&#8211; HOT\u00c9IS PARCEIROS &#8211;<br \/><\/strong>14\u00ba CPEM | Congresso Paulista de Educa\u00e7\u00e3o M\u00e9dica<\/p>\t\t\t\t\t\t\t\t<\/div>\n\t\t\t\t<div class=\"elementor-element elementor-element-d66cf4e elementor-widget-divider--view-line elementor-widget elementor-widget-divider\" data-id=\"d66cf4e\" data-element_type=\"widget\" data-widget_type=\"divider.default\">\n\t\t\t\t\t\t\t<div class=\"elementor-divider\">\n\t\t\t<span class=\"elementor-divider-separator\">\n\t\t\t\t\t\t<\/span>\n\t\t<\/div>\n\t\t\t\t\t\t<\/div>\n\t\t\t\t\t<\/div>\n\t\t\t\t<\/div>\n\t\t<div class=\"elementor-element elementor-element-5a8d69a e-flex e-con-boxed e-con e-parent\" data-id=\"5a8d69a\" data-element_type=\"container\">\n\t\t\t\t\t<div class=\"e-con-inner\">\n\t\t<div class=\"elementor-element elementor-element-47babc6 e-con-full e-flex e-con e-child\" data-id=\"47babc6\" data-element_type=\"container\">\n\t\t\t\t<div class=\"elementor-element elementor-element-faad82e elementor-hidden-mobile elementor-widget elementor-widget-image\" data-id=\"faad82e\" data-element_type=\"widget\" data-widget_type=\"image.default\">\n\t\t\t\t\t\t\t\t\t\t\t\t\t\t\t<img decoding=\"async\" width=\"133\" height=\"132\" src=\"https:\/\/cpem.org.br\/2026\/wp-content\/uploads\/2026\/04\/Golden_tower_logo.png\" class=\"attachment-large size-large wp-image-4037\" alt=\"\" \/>\t\t\t\t\t\t\t\t\t\t\t\t\t\t\t<\/div>\n\t\t\t\t<div class=\"elementor-element elementor-element-dd85fb0 elementor-widget elementor-widget-text-editor\" data-id=\"dd85fb0\" data-element_type=\"widget\" data-widget_type=\"text-editor.default\">\n\t\t\t\t\t\t\t\t\t<p style=\"text-align: left;\"><strong>GOLDEN TOWER (Rede F\u00eanix Hotel)<\/strong><\/p><p><span style=\"text-decoration: underline;\">&#8211; Endere\u00e7o:<\/span><br \/>Av. Maur\u00edlio Biagi, 2885, Ribeir\u00e3o Preto &#8211; SP, CEP 14096-170<\/p><p><span style=\"text-decoration: underline;\"><br \/>Docentes (10% de desconto):<\/span><br \/>&#8211; Realizar solicita\u00e7\u00e3o atrav\u00e9s do e-mail: <a href=\"mailto:reservas.rpmb@fenixhoteis.com.br\" target=\"_blank\" rel=\"noopener\">reservas.rpmb@fenixhoteis.com.br<\/a>\u00a0<\/p><p><span style=\"text-decoration: underline;\">Alunos, Visitantes:<\/span><br \/>&#8211; Link de reservas\u00a0 (<a href=\"https:\/\/nam10.safelinks.protection.outlook.com\/?url=https%3A%2F%2Fbook.omnibees.com%2Fhotelresults%3Fq%3D22578%26lang%3Dpt-BR%26currencyId%3D16%26version%3D4%26CheckIn%3D17042026%26CheckOut%3D21042026%26ad%3D1%26ch%3D0%26ag%3D%26child_age_input%3D%26Code%3D&amp;data=05%7C02%7Cmarcelo.paraizo%40estacio.br%7Cd319874dff584969a41a08de578a5dc7%7C29e081cc983f4d52b1d0103595213bc6%7C0%7C0%7C639044449059682274%7CUnknown%7CTWFpbGZsb3d8eyJFbXB0eU1hcGkiOnRydWUsIlYiOiIwLjAuMDAwMCIsIlAiOiJXaW4zMiIsIkFOIjoiTWFpbCIsIldUIjoyfQ%3D%3D%7C0%7C%7C%7C&amp;sdata=GjxGwTA77KoYlYIa170%2Bfm8aFyWKuazq8mhtllsRmQY%3D&amp;reserved=0\" target=\"_blank\" rel=\"noopener\">Clique Aqui<\/a>)<\/p><p>\u00a0<\/p>\t\t\t\t\t\t\t\t<\/div>\n\t\t\t\t<\/div>\n\t\t\t\t\t<\/div>\n\t\t\t\t<\/div>\n\t\t<div class=\"elementor-element elementor-element-bbceaaa e-flex e-con-boxed e-con e-parent\" data-id=\"bbceaaa\" data-element_type=\"container\">\n\t\t\t\t\t<div class=\"e-con-inner\">\n\t\t\t\t<div class=\"elementor-element elementor-element-058b40a elementor-widget-divider--view-line elementor-widget elementor-widget-divider\" data-id=\"058b40a\" data-element_type=\"widget\" data-widget_type=\"divider.default\">\n\t\t\t\t\t\t\t<div class=\"elementor-divider\">\n\t\t\t<span class=\"elementor-divider-separator\">\n\t\t\t\t\t\t<\/span>\n\t\t<\/div>\n\t\t\t\t\t\t<\/div>\n\t\t\t\t\t<\/div>\n\t\t\t\t<\/div>\n\t\t<div class=\"elementor-element elementor-element-b15d789 e-flex e-con-boxed e-con e-parent\" data-id=\"b15d789\" data-element_type=\"container\">\n\t\t\t\t\t<div class=\"e-con-inner\">\n\t\t<div class=\"elementor-element elementor-element-c85ed14 e-con-full e-flex e-con e-child\" data-id=\"c85ed14\" data-element_type=\"container\">\n\t\t\t\t<div class=\"elementor-element elementor-element-346dccf elementor-hidden-mobile elementor-widget elementor-widget-image\" data-id=\"346dccf\" data-element_type=\"widget\" data-widget_type=\"image.default\">\n\t\t\t\t\t\t\t\t\t\t\t\t\t\t\t<img decoding=\"async\" width=\"167\" height=\"107\" src=\"https:\/\/cpem.org.br\/2026\/wp-content\/uploads\/2026\/04\/Garden_hotel_logo.png\" class=\"attachment-large size-large wp-image-4038\" alt=\"\" \/>\t\t\t\t\t\t\t\t\t\t\t\t\t\t\t<\/div>\n\t\t\t\t<div class=\"elementor-element elementor-element-4a2acb5 elementor-widget elementor-widget-text-editor\" data-id=\"4a2acb5\" data-element_type=\"widget\" data-widget_type=\"text-editor.default\">\n\t\t\t\t\t\t\t\t\t<p style=\"text-align: left;\"><strong>GARDEN HOTEL<\/strong><\/p><p><span style=\"text-decoration: underline;\">&#8211; Endere\u00e7o:<\/span> <br \/>Av. Maur\u00edlio Biagi, 2727, Ribeir\u00e3o Preto-SP<br \/><br \/><span style=\"text-decoration: underline;\">&#8211; Telefones:<\/span><br \/>Telefone direto do hotel: (16)3516-1300<br \/>Reservas: (16)98226-0290<br \/>Recep\u00e7\u00e3o: (16)98226-0011<\/p><p><span style=\"text-decoration: underline;\">Docentes, alunos e visitantes:<br \/><\/span>&#8211; Realizar a reserva por telefone<br \/>&#8211; No ato da reserva, informar participa\u00e7\u00e3o no evento 14\u00ba CCPEM para libera\u00e7\u00e3o do desconto.<\/p>\t\t\t\t\t\t\t\t<\/div>\n\t\t\t\t<\/div>\n\t\t\t\t\t<\/div>\n\t\t\t\t<\/div>\n\t\t<div class=\"elementor-element elementor-element-e1dd4f7 e-flex e-con-boxed e-con e-parent\" data-id=\"e1dd4f7\" data-element_type=\"container\">\n\t\t\t\t\t<div class=\"e-con-inner\">\n\t\t\t\t<div class=\"elementor-element elementor-element-39ce98e elementor-widget-divider--view-line elementor-widget elementor-widget-divider\" data-id=\"39ce98e\" data-element_type=\"widget\" data-widget_type=\"divider.default\">\n\t\t\t\t\t\t\t<div class=\"elementor-divider\">\n\t\t\t<span class=\"elementor-divider-separator\">\n\t\t\t\t\t\t<\/span>\n\t\t<\/div>\n\t\t\t\t\t\t<\/div>\n\t\t\t\t\t<\/div>\n\t\t\t\t<\/div>\n\t\t<div class=\"elementor-element elementor-element-4473054 e-flex e-con-boxed e-con e-parent\" data-id=\"4473054\" data-element_type=\"container\">\n\t\t\t\t\t<div class=\"e-con-inner\">\n\t\t<div class=\"elementor-element elementor-element-5abcb63 e-con-full e-flex e-con e-child\" data-id=\"5abcb63\" data-element_type=\"container\">\n\t\t\t\t<div class=\"elementor-element elementor-element-e464997 elementor-hidden-mobile elementor-widget elementor-widget-image\" data-id=\"e464997\" data-element_type=\"widget\" data-widget_type=\"image.default\">\n\t\t\t\t\t\t\t\t\t\t\t\t\t\t\t<img fetchpriority=\"high\" decoding=\"async\" width=\"800\" height=\"600\" src=\"https:\/\/cpem.org.br\/2026\/wp-content\/uploads\/2026\/04\/Oasis_tower_logo.png\" class=\"attachment-large size-large wp-image-4039\" alt=\"\" \/>\t\t\t\t\t\t\t\t\t\t\t\t\t\t\t<\/div>\n\t\t\t\t<div class=\"elementor-element elementor-element-c0a0c34 elementor-widget elementor-widget-text-editor\" data-id=\"c0a0c34\" data-element_type=\"widget\" data-widget_type=\"text-editor.default\">\n\t\t\t\t\t\t\t\t\t<p style=\"text-align: left;\"><strong>OASIS TOWER HOTEL<\/strong><\/p><p><span style=\"text-decoration: underline;\">&#8211; Endere\u00e7o:<\/span> <br \/>Av. Maur\u00edlio Biagi, 2955 &#8211; Ribeir\u00e2nia, Ribeir\u00e3o Preto &#8211; SP, 14096-170<\/p><p><span style=\"text-decoration: underline;\">Op\u00e7\u00f5es para realizar a reserva:<\/span><\/p><p>&#8211; Telefone e WhatsApp: <a href=\"https:\/\/wa.me\/551638783000\" target=\"_blank\" rel=\"noopener\">(16) 3878 3000<\/a><br \/>&#8211; Email: <a href=\"mailto:reservas@oasistower.com.br\" target=\"_blank\" rel=\"noopener\">reservas@oasistower.com.br<\/a><br \/>&#8211; Reservas On-line: <a href=\"https:\/\/hoteisoasis.com.br\" target=\"_blank\" rel=\"noopener\">hoteisoasis.com.br<\/a><br \/>&#8211; Cupom de desconto: CPEM2026<br \/><br \/><em>*Para reservas por telefone e e-mail informar que ir\u00e1 participar o 14\u00baCPEM<\/em><\/p>\t\t\t\t\t\t\t\t<\/div>\n\t\t\t\t<\/div>\n\t\t\t\t\t<\/div>\n\t\t\t\t<\/div>\n\t\t\t\t<\/div>\n\t\t","protected":false},"excerpt":{"rendered":"<p>Hospedagem &#8211; HOT\u00c9IS PARCEIROS &#8211;14\u00ba CPEM | Congresso Paulista de Educa\u00e7\u00e3o M\u00e9dica GOLDEN TOWER (Rede F\u00eanix Hotel) &#8211; Endere\u00e7o:Av. Maur\u00edlio Biagi, 2885, Ribeir\u00e3o Preto &#8211; SP, CEP 14096-170 Docentes (10% de desconto):&#8211; Realizar solicita\u00e7\u00e3o atrav\u00e9s do e-mail: reservas.rpmb@fenixhoteis.com.br\u00a0 Alunos, Visitantes:&#8211; Link de reservas\u00a0 (Clique Aqui) \u00a0 GARDEN HOTEL &#8211; Endere\u00e7o: Av. Maur\u00edlio Biagi, 2727, Ribeir\u00e3o [&hellip;]<\/p>\n","protected":false},"author":2,"featured_media":0,"parent":0,"menu_order":2,"comment_status":"closed","ping_status":"closed","template":"","meta":{"footnotes":""},"class_list":["post-4031","page","type-page","status-publish","hentry"],"_links":{"self":[{"href":"https:\/\/cpem.org.br\/2026\/wp-json\/wp\/v2\/pages\/4031","targetHints":{"allow":["GET"]}}],"collection":[{"href":"https:\/\/cpem.org.br\/2026\/wp-json\/wp\/v2\/pages"}],"about":[{"href":"https:\/\/cpem.org.br\/2026\/wp-json\/wp\/v2\/types\/page"}],"author":[{"embeddable":true,"href":"https:\/\/cpem.org.br\/2026\/wp-json\/wp\/v2\/users\/2"}],"replies":[{"embeddable":true,"href":"https:\/\/cpem.org.br\/2026\/wp-json\/wp\/v2\/comments?post=4031"}],"version-history":[{"count":10,"href":"https:\/\/cpem.org.br\/2026\/wp-json\/wp\/v2\/pages\/4031\/revisions"}],"predecessor-version":[{"id":4061,"href":"https:\/\/cpem.org.br\/2026\/wp-json\/wp\/v2\/pages\/4031\/revisions\/4061"}],"wp:attachment":[{"href":"https:\/\/cpem.org.br\/2026\/wp-json\/wp\/v2\/media?parent=4031"}],"curies":[{"name":"wp","href":"https:\/\/api.w.org\/{rel}","templated":true}]}}