{"id":4111,"date":"2026-05-10T13:10:06","date_gmt":"2026-05-10T13:10:06","guid":{"rendered":"https:\/\/cpem.org.br\/2026\/?page_id=4111"},"modified":"2026-05-11T13:23:33","modified_gmt":"2026-05-11T13:23:33","slug":"certificados","status":"publish","type":"page","link":"https:\/\/cpem.org.br\/2026\/certificados\/","title":{"rendered":"Certificados"},"content":{"rendered":"\t\t<div data-elementor-type=\"wp-page\" data-elementor-id=\"4111\" class=\"elementor elementor-4111\" data-elementor-post-type=\"page\">\n\t\t\t\t<div class=\"elementor-element elementor-element-7adc809 e-con-full e-flex e-con e-parent\" data-id=\"7adc809\" data-element_type=\"container\">\n\t\t\t\t<div class=\"elementor-element elementor-element-471a2d2 elementor--h-position-center elementor--v-position-middle elementor-widget elementor-widget-slides\" data-id=\"471a2d2\" data-element_type=\"widget\" data-settings=\"{&quot;navigation&quot;:&quot;none&quot;,&quot;transition&quot;:&quot;slide&quot;,&quot;transition_speed&quot;:500}\" data-widget_type=\"slides.default\">\n\t\t\t\t\t\t\t\t\t\t<div class=\"elementor-slides-wrapper elementor-main-swiper swiper\" role=\"region\" aria-roledescription=\"carousel\" aria-label=\"Slides\" dir=\"ltr\" data-animation=\"\">\n\t\t\t\t<div class=\"swiper-wrapper elementor-slides\">\n\t\t\t\t\t\t\t\t\t\t<div class=\"elementor-repeater-item-cb82680 swiper-slide\" role=\"group\" aria-roledescription=\"slide\"><div class=\"swiper-slide-bg\" role=\"img\" aria-label=\"CULTURA NOITE THEATRO PEDRO II - Foto Guilherme Sircili (3)\"><\/div><div class=\"elementor-background-overlay\"><\/div><div class=\"swiper-slide-inner\" ><div class=\"swiper-slide-contents\"><div class=\"elementor-slide-heading\">Certificados<\/div><\/div><\/div><\/div>\t\t\t\t<\/div>\n\t\t\t\t\t\t\t<\/div>\n\t\t\t\t\t\t\t\t<\/div>\n\t\t\t\t<\/div>\n\t\t<div class=\"elementor-element elementor-element-8961905 e-flex e-con-boxed e-con e-parent\" data-id=\"8961905\" data-element_type=\"container\">\n\t\t\t\t\t<div class=\"e-con-inner\">\n\t\t\t\t<div class=\"elementor-element elementor-element-2a02125 elementor-widget elementor-widget-text-editor\" data-id=\"2a02125\" data-element_type=\"widget\" data-widget_type=\"text-editor.default\">\n\t\t\t\t\t\t\t\t\t<h5 style=\"text-align: center;\"><strong>EST\u00c3O LIBERADOS OS CERTIFICADOS DO 14\u00ba CPEM<\/strong><\/h5>\n<p>\u00a0<\/p>\n<p><strong>Siga as orienta\u00e7\u00f5es abaixo para acessar os certificados do evento.<\/strong><\/p>\n<p>01 \u2013 Realize o login no o Painel do Congressista (<a href=\"https:\/\/abem-nacional.com.br\/evento\/14-cpem\/login\" target=\"_blank\" rel=\"noopener\">clique aqui<\/a>)<\/p>\n<p>02 \u2013 Ap\u00f3s feito o login, clique no menu superior \u201cCertificados\u201d.<\/p>\n<p>03 \u2013 Clique no bot\u00e3o \u201cLiberar Certificados\u201d.<\/p>\n<p>04 \u2013 Clique no bot\u00e3o relacionando a cada certificado para gerar e iniciar o download.<\/p>\n<p><strong><br \/>IMPORTANTE:<\/strong><br \/>Os congressistas, palestrantes, autores de trabalhos, oficinas, ter\u00e3o o prazo de 30 dias ap\u00f3s a data de emiss\u00e3o dos certificados e texto dos anais, para reportar inconsist\u00eancia de qualquer natureza em rela\u00e7\u00e3o as informa\u00e7\u00f5es.<\/p>\n<p>Ap\u00f3s esse prazo nenhuma solicita\u00e7\u00e3o de ajuste\/altera\u00e7\u00e3o poder\u00e1 ser realizada.<\/p>\n<p><\/p>\t\t\t\t\t\t\t\t<\/div>\n\t\t\t\t<div class=\"elementor-element elementor-element-408e601 elementor-widget elementor-widget-spacer\" data-id=\"408e601\" data-element_type=\"widget\" data-widget_type=\"spacer.default\">\n\t\t\t\t\t\t\t<div class=\"elementor-spacer\">\n\t\t\t<div class=\"elementor-spacer-inner\"><\/div>\n\t\t<\/div>\n\t\t\t\t\t\t<\/div>\n\t\t\t\t<div class=\"elementor-element elementor-element-09603cf elementor-widget elementor-widget-spacer\" data-id=\"09603cf\" data-element_type=\"widget\" data-widget_type=\"spacer.default\">\n\t\t\t\t\t\t\t<div class=\"elementor-spacer\">\n\t\t\t<div class=\"elementor-spacer-inner\"><\/div>\n\t\t<\/div>\n\t\t\t\t\t\t<\/div>\n\t\t\t\t\t<\/div>\n\t\t\t\t<\/div>\n\t\t\t\t<\/div>\n\t\t","protected":false},"excerpt":{"rendered":"<p>Certificados EST\u00c3O LIBERADOS OS CERTIFICADOS DO 14\u00ba CPEM \u00a0 Siga as orienta\u00e7\u00f5es abaixo para acessar os certificados do evento. 01 \u2013 Realize o login no o Painel do Congressista (clique aqui) 02 \u2013 Ap\u00f3s feito o login, clique no menu superior \u201cCertificados\u201d. 03 \u2013 Clique no bot\u00e3o \u201cLiberar Certificados\u201d. 04 \u2013 Clique no bot\u00e3o relacionando [&hellip;]<\/p>\n","protected":false},"author":2,"featured_media":0,"parent":0,"menu_order":2,"comment_status":"closed","ping_status":"closed","template":"","meta":{"footnotes":""},"class_list":["post-4111","page","type-page","status-publish","hentry"],"_links":{"self":[{"href":"https:\/\/cpem.org.br\/2026\/wp-json\/wp\/v2\/pages\/4111","targetHints":{"allow":["GET"]}}],"collection":[{"href":"https:\/\/cpem.org.br\/2026\/wp-json\/wp\/v2\/pages"}],"about":[{"href":"https:\/\/cpem.org.br\/2026\/wp-json\/wp\/v2\/types\/page"}],"author":[{"embeddable":true,"href":"https:\/\/cpem.org.br\/2026\/wp-json\/wp\/v2\/users\/2"}],"replies":[{"embeddable":true,"href":"https:\/\/cpem.org.br\/2026\/wp-json\/wp\/v2\/comments?post=4111"}],"version-history":[{"count":7,"href":"https:\/\/cpem.org.br\/2026\/wp-json\/wp\/v2\/pages\/4111\/revisions"}],"predecessor-version":[{"id":4119,"href":"https:\/\/cpem.org.br\/2026\/wp-json\/wp\/v2\/pages\/4111\/revisions\/4119"}],"wp:attachment":[{"href":"https:\/\/cpem.org.br\/2026\/wp-json\/wp\/v2\/media?parent=4111"}],"curies":[{"name":"wp","href":"https:\/\/api.w.org\/{rel}","templated":true}]}}